{"id":1769,"date":"2019-07-23T21:44:51","date_gmt":"2019-07-23T21:44:51","guid":{"rendered":"https:\/\/goya.everthemes.com\/demo-decor\/?post_type=product&#038;p=326"},"modified":"2025-08-06T09:59:57","modified_gmt":"2025-08-06T09:59:57","slug":"pack-bobber-lamps-2","status":"publish","type":"product","link":"https:\/\/pfspower.com\/es\/producto\/pack-bobber-lamps-2\/","title":{"rendered":"Pack L\u00e1mparas Bobber"},"content":{"rendered":"<p>\u201cA lamp with personality\u201d is how Perimeter Table Lamp has been described. I find that floor lamps are often big and dominant. An antidote to overbearing lamps, he conceived his new lamp to literally \u201cpeek\u201d over a sofa or armchair. The proportions have shrunk for the Table Lamp, with a dip in the top of the base for needful things \u2013 earplugs or jewellery.<\/p>\n<p>Designed for apartment no. 50 at Le Corbusier\u2019s \u2018Cit\u00e9 Radieuse\u2019 in Marseille, the Lamp\u2019s aesthetic was centred on the idea to become a versatile everyday companion; one that could correspond to the landmark\u2019s style and improve its inhabitants daily comfort.<\/p>\n<h4>Product Details<\/h4>\n<ul>\n<li>Powder-coated\/Plated Zinc Alloy<\/li>\n<li>Electrical: 100-130V, Max 40W, IP20<\/li>\n<li>Bulb Socket: G9<\/li>\n<li>Bulb (included): LED, 4.5W, 100-130V, 450lm, 2700K, CRI 80, rated for 15,000 hours<\/li>\n<li>Cord: 6.5 feet, white, fabric<\/li>\n<li>US plug<\/li>\n<li>Metal knob functions as switch and dimmer<\/li>\n<\/ul>\n<h4>Dimensions<\/h4>\n<p>&nbsp;<\/p>\n<p><img fetchpriority=\"high\" decoding=\"async\" class=\"aligncenter wp-image-65 size-large\" src=\"https:\/\/goya.b-cdn.net\/assets\/demo\/content\/uploads\/sites\/2\/2019\/07\/bobber-pendant-dimensions-1024x922.jpg\" alt=\"\" width=\"1024\" height=\"922\" \/><\/p>","protected":false},"excerpt":{"rendered":"<p>La est\u00e9tica de la l\u00e1mpara se centr\u00f3 en la idea de convertirse en un compa\u00f1ero vers\u00e1til para el d\u00eda a d\u00eda, que se correspondiera con el estilo del lugar y mejorara la comodidad diaria de sus habitantes.<\/p>","protected":false},"featured_media":85,"comment_status":"open","ping_status":"closed","template":"","meta":[],"product_brand":[],"product_cat":[15],"product_tag":[],"class_list":{"0":"post-1769","1":"product","2":"type-product","3":"status-publish","4":"has-post-thumbnail","6":"product_cat-all-products","8":"first","9":"instock","10":"shipping-taxable","11":"product-type-grouped"},"_links":{"self":[{"href":"https:\/\/pfspower.com\/es\/wp-json\/wp\/v2\/product\/1769","targetHints":{"allow":["GET"]}}],"collection":[{"href":"https:\/\/pfspower.com\/es\/wp-json\/wp\/v2\/product"}],"about":[{"href":"https:\/\/pfspower.com\/es\/wp-json\/wp\/v2\/types\/product"}],"replies":[{"embeddable":true,"href":"https:\/\/pfspower.com\/es\/wp-json\/wp\/v2\/comments?post=1769"}],"wp:featuredmedia":[{"embeddable":true,"href":"https:\/\/pfspower.com\/es\/wp-json\/wp\/v2\/media\/85"}],"wp:attachment":[{"href":"https:\/\/pfspower.com\/es\/wp-json\/wp\/v2\/media?parent=1769"}],"wp:term":[{"taxonomy":"product_brand","embeddable":true,"href":"https:\/\/pfspower.com\/es\/wp-json\/wp\/v2\/product_brand?post=1769"},{"taxonomy":"product_cat","embeddable":true,"href":"https:\/\/pfspower.com\/es\/wp-json\/wp\/v2\/product_cat?post=1769"},{"taxonomy":"product_tag","embeddable":true,"href":"https:\/\/pfspower.com\/es\/wp-json\/wp\/v2\/product_tag?post=1769"}],"curies":[{"name":"wp","href":"https:\/\/api.w.org\/{rel}","templated":true}]}}